{"id":2684,"date":"2022-11-17T13:01:08","date_gmt":"2022-11-17T12:01:08","guid":{"rendered":"https:\/\/globalincome.pl\/oferty-pracy-2\/"},"modified":"2022-12-06T09:14:43","modified_gmt":"2022-12-06T08:14:43","slug":"przetwarzanie-danych-osobowych","status":"publish","type":"page","link":"https:\/\/globalincome.pl\/en\/przetwarzanie-danych-osobowych\/","title":{"rendered":"Przetwarzanie danych osobowych"},"content":{"rendered":"<div data-elementor-type=\"wp-page\" data-elementor-id=\"2684\" class=\"elementor elementor-2684\">\n\t\t\t\t\t\t<section class=\"elementor-section elementor-top-section elementor-element elementor-element-33b8bc8d elementor-section-stretched elementor-section-boxed elementor-section-height-default elementor-section-height-default\" data-id=\"33b8bc8d\" data-element_type=\"section\" data-e-type=\"section\" data-settings=\"{&quot;stretch_section&quot;:&quot;section-stretched&quot;,&quot;background_background&quot;:&quot;classic&quot;}\">\n\t\t\t\t\t\t<div class=\"elementor-container elementor-column-gap-default\">\n\t\t\t\t\t<div class=\"elementor-column elementor-col-100 elementor-top-column elementor-element elementor-element-1780185e\" data-id=\"1780185e\" data-element_type=\"column\" data-e-type=\"column\">\n\t\t\t<div class=\"elementor-widget-wrap\">\n\t\t\t\t\t\t\t<\/div>\n\t\t<\/div>\n\t\t\t\t\t<\/div>\n\t\t<\/section>\n\t\t\t\t<section class=\"elementor-section elementor-top-section elementor-element elementor-element-4bedc1be elementor-section-stretched elementor-section-boxed elementor-section-height-default elementor-section-height-default\" data-id=\"4bedc1be\" data-element_type=\"section\" data-e-type=\"section\" data-settings=\"{&quot;stretch_section&quot;:&quot;section-stretched&quot;,&quot;background_background&quot;:&quot;classic&quot;}\">\n\t\t\t\t\t\t\t<div class=\"elementor-background-overlay\"><\/div>\n\t\t\t\t\t\t\t<div class=\"elementor-container elementor-column-gap-default\">\n\t\t\t\t\t<div class=\"elementor-column elementor-col-100 elementor-top-column elementor-element elementor-element-6fab630e\" data-id=\"6fab630e\" data-element_type=\"column\" data-e-type=\"column\">\n\t\t\t<div class=\"elementor-widget-wrap elementor-element-populated\">\n\t\t\t\t\t\t<div class=\"elementor-element elementor-element-3dfe52a4 elementor-widget elementor-widget-heading\" data-id=\"3dfe52a4\" data-element_type=\"widget\" data-e-type=\"widget\" data-widget_type=\"heading.default\">\n\t\t\t\t<div class=\"elementor-widget-container\">\n\t\t\t\t\t<h2 class=\"elementor-heading-title elementor-size-default\">Przetwarzanie danych osobowych<\/h2>\t\t\t\t<\/div>\n\t\t\t\t<\/div>\n\t\t\t\t\t<\/div>\n\t\t<\/div>\n\t\t\t\t\t<\/div>\n\t\t<\/section>\n\t\t\t\t<section class=\"elementor-section elementor-top-section elementor-element elementor-element-6f986ea elementor-section-boxed elementor-section-height-default elementor-section-height-default\" data-id=\"6f986ea\" data-element_type=\"section\" data-e-type=\"section\">\n\t\t\t\t\t\t<div class=\"elementor-container elementor-column-gap-default\">\n\t\t\t\t\t<div class=\"elementor-column elementor-col-100 elementor-top-column elementor-element elementor-element-da15049\" data-id=\"da15049\" data-element_type=\"column\" data-e-type=\"column\">\n\t\t\t<div class=\"elementor-widget-wrap elementor-element-populated\">\n\t\t\t\t\t\t<div class=\"elementor-element elementor-element-7ab8fda elementor-widget elementor-widget-heading\" data-id=\"7ab8fda\" data-element_type=\"widget\" data-e-type=\"widget\" data-widget_type=\"heading.default\">\n\t\t\t\t<div class=\"elementor-widget-container\">\n\t\t\t\t\t<h5 class=\"elementor-heading-title elementor-size-default\">Klauzula informacyjna dla kandydat\u00f3w do pracy\u200b<\/h5>\t\t\t\t<\/div>\n\t\t\t\t<\/div>\n\t\t\t\t\t<\/div>\n\t\t<\/div>\n\t\t\t\t\t<\/div>\n\t\t<\/section>\n\t\t\t\t<section class=\"elementor-section elementor-top-section elementor-element elementor-element-786e960 elementor-section-boxed elementor-section-height-default elementor-section-height-default\" data-id=\"786e960\" data-element_type=\"section\" data-e-type=\"section\">\n\t\t\t\t\t\t<div class=\"elementor-container elementor-column-gap-default\">\n\t\t\t\t\t<div class=\"elementor-column elementor-col-100 elementor-top-column elementor-element elementor-element-b518809\" data-id=\"b518809\" data-element_type=\"column\" data-e-type=\"column\">\n\t\t\t<div class=\"elementor-widget-wrap elementor-element-populated\">\n\t\t\t\t\t\t<div class=\"elementor-element elementor-element-43e870e elementor-widget elementor-widget-text-editor\" data-id=\"43e870e\" data-element_type=\"widget\" data-e-type=\"widget\" data-widget_type=\"text-editor.default\">\n\t\t\t\t<div class=\"elementor-widget-container\">\n\t\t\t\t\t\t\t\t\t<p>Wysy\u0142aj\u0105c zg\u0142oszenie rekrutacyjne do Global Income sp. z o.o. z siedzib\u0105 w: Chwaszczy\u0144ska 135B, 81-571 Gdynia (Pracodawca &#8211; administrator danych), zgadzasz si\u0119 na przetwarzanie przez Pracodawc\u0119 Twoich danych osobowych zawartych w zg\u0142oszeniu rekrutacyjnym, w celu prowadzenia rekrutacji na stanowisko wskazane w og\u0142oszeniu. W ka\u017cdym czasie mo\u017cesz cofn\u0105\u0107 zgod\u0119 kontaktuj\u0105c si\u0119 z nami pod adresem e-mail: biuro@globalincome.pl.<\/p>\n<p>B\u0119dziemy przetwarzali informacje o Tobie w celu prowadzenia rekrutacji na stanowisko wskazane w og\u0142oszeniu, w oparciu o nast\u0119puj\u0105ce podstawy prawne: (a) aby wype\u0142ni\u0107 ci\u0105\u017c\u0105ce na nas obowi\u0105zki prawne \u2013 dane wskazane w Kodeksie pracy (m.in. dane identyfikacyjne, dane kontaktowe, wykszta\u0142cenie, do\u015bwiadczenie zawodowe, umiej\u0119tno\u015bci, kwalifikacje) lub w innych przepisach prawa (wed\u0142ug wymog\u00f3w og\u0142oszenia); (b) aby podj\u0105\u0107 dzia\u0142ania na Twoje \u017c\u0105danie przed zawarciem umowy (np. informacje o oczekiwanym wynagrodzeniu i Twojej dost\u0119pno\u015bci do rozpocz\u0119cia pracy); (c) w oparciu o Twoj\u0105 zgod\u0119 (np. Tw\u00f3j wizerunek, zainteresowania); w oparciu o nasz prawnie uzasadniony interes (np. Tw\u00f3j adres e-mail, kt\u00f3ry jest niezb\u0119dny do Twojej identyfikacji na formularzu Pracuj.pl). Twoje dane osobowe mo\u017cemy przetwarza\u0107 tak\u017ce celu prowadzenia przysz\u0142ych rekrutacji na r\u00f3\u017cne stanowiska (w oparciu o Twoj\u0105 zgod\u0119). Podanie danych osobowych wskazanych w przepisach prawa, niezb\u0119dnych do podj\u0119cia dzia\u0142a\u0144 na Twoje \u017c\u0105danie przed zawarciem umowy lub niezb\u0119dnych w naszym prawnie uzasadnionym interesie, jest obowi\u0105zkowe, \u017ceby wzi\u0105\u0107 udzia\u0142 w rekrutacji. Podanie pozosta\u0142ych danych jest dobrowolne. Masz prawo dost\u0119pu do swoich danych, w tym uzyskania ich kopii, sprostowania danych, \u017c\u0105dania ich usuni\u0119cia, ograniczenia przetwarzania, wniesienia sprzeciwu wobec przetwarzania oraz przeniesienia podanych danych (na kt\u00f3rych przetwarzanie wyrazi\u0142e\u015b zgod\u0119 lub przetwarzamy je na Twoje \u017c\u0105danie przed zawarciem umowy) do innego administratora danych. Masz tak\u017ce prawo wniesienia skargi do Prezesa Urz\u0119du Ochrony Danych Osobowych. Cofni\u0119cie zgody pozostaje bez wp\u0142ywu na zgodno\u015b\u0107 z prawem przetwarzania, kt\u00f3rego dokonano na podstawie zgody przed jej cofni\u0119ciem. Twoje dane osobowe przetwarzamy w celu prowadzenia rekrutacji na stanowisko wskazane w og\u0142oszeniu przez okres: maks. 1 roku od zako\u0144czenia publikacji og\u0142oszenia. Twoje dane osobowe mo\u017cemy przekaza\u0107 dostawcom us\u0142ugi publikacji og\u0142osze\u0144 o prac\u0119, dostawcom system\u00f3w do zarz\u0105dzania rekrutacjami, dostawcom us\u0142ug IT (hosting), dostawcom system\u00f3w informatycznych. Nie przekazujemy Twoich danych osobowych poza Europejski Obszar Gospodarczy (EOG).&nbsp;<\/p>\n<p>W razie pyta\u0144 mo\u017cesz si\u0119 z nami skontaktowa\u0107 pod adresem e-mail: biuro@globalincome.pl<\/p>\t\t\t\t\t\t\t\t<\/div>\n\t\t\t\t<\/div>\n\t\t\t\t\t<\/div>\n\t\t<\/div>\n\t\t\t\t\t<\/div>\n\t\t<\/section>\n\t\t\t\t<section class=\"elementor-section elementor-top-section elementor-element elementor-element-51b89b99 elementor-section-stretched elementor-section-boxed elementor-section-height-default elementor-section-height-default\" data-id=\"51b89b99\" data-element_type=\"section\" data-e-type=\"section\" data-settings=\"{&quot;stretch_section&quot;:&quot;section-stretched&quot;,&quot;background_background&quot;:&quot;classic&quot;}\">\n\t\t\t\t\t\t<div class=\"elementor-container elementor-column-gap-default\">\n\t\t\t\t\t<div class=\"elementor-column elementor-col-66 elementor-top-column elementor-element elementor-element-6741c303\" data-id=\"6741c303\" data-element_type=\"column\" data-e-type=\"column\">\n\t\t\t<div class=\"elementor-widget-wrap elementor-element-populated\">\n\t\t\t\t\t\t<div class=\"elementor-element elementor-element-1bc4595e elementor-widget elementor-widget-heading\" data-id=\"1bc4595e\" data-element_type=\"widget\" data-e-type=\"widget\" data-widget_type=\"heading.default\">\n\t\t\t\t<div class=\"elementor-widget-container\">\n\t\t\t\t\t<h2 class=\"elementor-heading-title elementor-size-default\">Let's stay in touch!\n<\/h2>\t\t\t\t<\/div>\n\t\t\t\t<\/div>\n\t\t\t\t<div class=\"elementor-element elementor-element-13d4607d elementor-widget elementor-widget-text-editor\" data-id=\"13d4607d\" data-element_type=\"widget\" data-e-type=\"widget\" data-widget_type=\"text-editor.default\">\n\t\t\t\t<div class=\"elementor-widget-container\">\n\t\t\t\t\t\t\t\t\t<p>Contact us, if you would like to become our business partner.<\/p>\t\t\t\t\t\t\t\t<\/div>\n\t\t\t\t<\/div>\n\t\t\t\t\t<\/div>\n\t\t<\/div>\n\t\t\t\t<div class=\"elementor-column elementor-col-33 elementor-top-column elementor-element elementor-element-25e37aac\" data-id=\"25e37aac\" data-element_type=\"column\" data-e-type=\"column\">\n\t\t\t<div class=\"elementor-widget-wrap elementor-element-populated\">\n\t\t\t\t\t\t<div class=\"elementor-element elementor-element-6004ec29 elementor-align-right elementor-widget elementor-widget-button\" data-id=\"6004ec29\" data-element_type=\"widget\" data-e-type=\"widget\" data-widget_type=\"button.default\">\n\t\t\t\t<div class=\"elementor-widget-container\">\n\t\t\t\t\t\t\t\t\t<div class=\"elementor-button-wrapper\">\n\t\t\t\t\t<a class=\"elementor-button elementor-button-link elementor-size-md\" href=\"\/en\/kontakt\/\">\n\t\t\t\t\t\t<span class=\"elementor-button-content-wrapper\">\n\t\t\t\t\t\t\t\t\t<span class=\"elementor-button-text\">CONTACT FORM<\/span>\n\t\t\t\t\t<\/span>\n\t\t\t\t\t<\/a>\n\t\t\t\t<\/div>\n\t\t\t\t\t\t\t\t<\/div>\n\t\t\t\t<\/div>\n\t\t\t\t\t<\/div>\n\t\t<\/div>\n\t\t\t\t\t<\/div>\n\t\t<\/section>\n\t\t\t\t<\/div>","protected":false},"excerpt":{"rendered":"<p>Przetwarzanie danych osobowych Klauzula informacyjna dla kandydat\u00f3w do pracy? Wysy\u0142aj\u0105c zg\u0142oszenie rekrutacyjne do Global Income sp. z o.o. z siedzib\u0105 w: Chwaszczy\u0144ska 135B, 81-571 Gdynia (Pracodawca &#8211; administrator danych), zgadzasz si\u0119 na przetwarzanie przez Pracodawc\u0119 Twoich danych osobowych zawartych w [&hellip;]<\/p>\n","protected":false},"author":1,"featured_media":0,"parent":0,"menu_order":0,"comment_status":"closed","ping_status":"closed","template":"","meta":{"footnotes":""},"class_list":["post-2684","page","type-page","status-publish","hentry"],"_links":{"self":[{"href":"https:\/\/globalincome.pl\/en\/wp-json\/wp\/v2\/pages\/2684","targetHints":{"allow":["GET"]}}],"collection":[{"href":"https:\/\/globalincome.pl\/en\/wp-json\/wp\/v2\/pages"}],"about":[{"href":"https:\/\/globalincome.pl\/en\/wp-json\/wp\/v2\/types\/page"}],"author":[{"embeddable":true,"href":"https:\/\/globalincome.pl\/en\/wp-json\/wp\/v2\/users\/1"}],"replies":[{"embeddable":true,"href":"https:\/\/globalincome.pl\/en\/wp-json\/wp\/v2\/comments?post=2684"}],"version-history":[{"count":10,"href":"https:\/\/globalincome.pl\/en\/wp-json\/wp\/v2\/pages\/2684\/revisions"}],"predecessor-version":[{"id":2744,"href":"https:\/\/globalincome.pl\/en\/wp-json\/wp\/v2\/pages\/2684\/revisions\/2744"}],"wp:attachment":[{"href":"https:\/\/globalincome.pl\/en\/wp-json\/wp\/v2\/media?parent=2684"}],"curies":[{"name":"wp","href":"https:\/\/api.w.org\/{rel}","templated":true}]}}